{"id":56,"date":"2016-12-21T14:19:23","date_gmt":"2016-12-21T14:19:23","guid":{"rendered":"http:\/\/nypd.com.br\/site\/?page_id=56"},"modified":"2023-01-03T09:11:19","modified_gmt":"2023-01-03T12:11:19","slug":"cenografia","status":"publish","type":"page","link":"http:\/\/nypd.com.br\/site\/cenografia\/","title":{"rendered":"Cenografia"},"content":{"rendered":"<p style=\"text-align: justify;\">Atuando no segmento de Cenografia Tem\u00e1tica de New York desde 2022, buscamos a cada dia ampliar nosso conte\u00fado para poder levar at\u00e9 voc\u00ea a melhor experi\u00eancia de estar em <strong>New York<\/strong>.<\/p>\n<p style=\"text-align: justify;\">Sinta-se em plena 5\u00aa avenida com nossos ve\u00edculos e cenografia tem\u00e1tica !<\/p>\n<h1><strong>Est\u00e1tua da Liberdade<\/strong><\/h1>\n<p style=\"text-align: justify;\">Com 2,20m de altura, esta bela est\u00e1tua da liberdade, s\u00edmbolo de Nova Iorque, far\u00e1 toda a diferen\u00e7a no seu evento tem\u00e1tico.<\/p>\n<div id='gallery-1' class='gallery galleryid-56 gallery-columns-4 gallery-size-thumbnail'><figure class='gallery-item'>\n\t\t\t<div class='gallery-icon portrait'>\n\t\t\t\t<a title=\"IMG_20220806_151917424_MF_PORTRAIT\" href='http:\/\/nypd.com.br\/site\/wp-content\/uploads\/2022\/12\/IMG_20220806_151917424_MF_PORTRAIT-e1670258597746.jpg'><img width=\"150\" height=\"150\" src=\"http:\/\/nypd.com.br\/site\/wp-content\/uploads\/2022\/12\/IMG_20220806_151917424_MF_PORTRAIT-e1670258597746-150x150.jpg\" class=\"attachment-thumbnail size-thumbnail\" alt=\"\" decoding=\"async\" loading=\"lazy\" srcset=\"http:\/\/nypd.com.br\/site\/wp-content\/uploads\/2022\/12\/IMG_20220806_151917424_MF_PORTRAIT-e1670258597746-150x150.jpg 150w, http:\/\/nypd.com.br\/site\/wp-content\/uploads\/2022\/12\/IMG_20220806_151917424_MF_PORTRAIT-e1670258597746-100x100.jpg 100w\" sizes=\"100vw\" \/><\/a>\n\t\t\t<\/div><\/figure><figure class='gallery-item'>\n\t\t\t<div class='gallery-icon portrait'>\n\t\t\t\t<a title=\"estatua03\" href='http:\/\/nypd.com.br\/site\/wp-content\/uploads\/2022\/12\/IMG_20220806_151947673_MF_PORTRAIT-e1670258552687.jpg'><img width=\"150\" height=\"150\" src=\"http:\/\/nypd.com.br\/site\/wp-content\/uploads\/2022\/12\/IMG_20220806_151947673_MF_PORTRAIT-e1670258552687-150x150.jpg\" class=\"attachment-thumbnail size-thumbnail\" alt=\"\" decoding=\"async\" loading=\"lazy\" srcset=\"http:\/\/nypd.com.br\/site\/wp-content\/uploads\/2022\/12\/IMG_20220806_151947673_MF_PORTRAIT-e1670258552687-150x150.jpg 150w, http:\/\/nypd.com.br\/site\/wp-content\/uploads\/2022\/12\/IMG_20220806_151947673_MF_PORTRAIT-e1670258552687-100x100.jpg 100w\" sizes=\"100vw\" \/><\/a>\n\t\t\t<\/div><\/figure><figure class='gallery-item'>\n\t\t\t<div class='gallery-icon portrait'>\n\t\t\t\t<a title=\"estatua01\" href='http:\/\/nypd.com.br\/site\/wp-content\/uploads\/2022\/12\/IMG_20220806_152136697_MF_PORTRAIT-e1670258478801.jpg'><img width=\"150\" height=\"150\" src=\"http:\/\/nypd.com.br\/site\/wp-content\/uploads\/2022\/12\/IMG_20220806_152136697_MF_PORTRAIT-e1670258478801-150x150.jpg\" class=\"attachment-thumbnail size-thumbnail\" alt=\"\" decoding=\"async\" loading=\"lazy\" srcset=\"http:\/\/nypd.com.br\/site\/wp-content\/uploads\/2022\/12\/IMG_20220806_152136697_MF_PORTRAIT-e1670258478801-150x150.jpg 150w, http:\/\/nypd.com.br\/site\/wp-content\/uploads\/2022\/12\/IMG_20220806_152136697_MF_PORTRAIT-e1670258478801-100x100.jpg 100w\" sizes=\"100vw\" \/><\/a>\n\t\t\t<\/div><\/figure><figure class='gallery-item'>\n\t\t\t<div class='gallery-icon portrait'>\n\t\t\t\t<a title=\"estatua02\" href='http:\/\/nypd.com.br\/site\/wp-content\/uploads\/2022\/12\/IMG_20220806_152019247_MF_PORTRAIT-e1670258514529.jpg'><img width=\"150\" height=\"150\" src=\"http:\/\/nypd.com.br\/site\/wp-content\/uploads\/2022\/12\/IMG_20220806_152019247_MF_PORTRAIT-e1670258514529-150x150.jpg\" class=\"attachment-thumbnail size-thumbnail\" alt=\"\" decoding=\"async\" loading=\"lazy\" srcset=\"http:\/\/nypd.com.br\/site\/wp-content\/uploads\/2022\/12\/IMG_20220806_152019247_MF_PORTRAIT-e1670258514529-150x150.jpg 150w, http:\/\/nypd.com.br\/site\/wp-content\/uploads\/2022\/12\/IMG_20220806_152019247_MF_PORTRAIT-e1670258514529-100x100.jpg 100w\" sizes=\"100vw\" \/><\/a>\n\t\t\t<\/div><\/figure>\n\t\t<\/div>\n\n<h1><strong>Hidrante Americano<\/strong><\/h1>\n<p style=\"text-align: justify;\">Muito requisitado n\u00e3o s\u00f3 em eventos tem\u00e1ticos, como tamb\u00e9m em produ\u00e7\u00f5es cinematogr\u00e1ficas, nosso hidrante \u00e9 a &#8220;cara&#8221; tanto de Nova Iorque como tamb\u00e9m de todo os Estados Unidos, sendo a cereja do bolo na composi\u00e7\u00e3o da cenografia. Seu realismo impressiona !<\/p>\n<div id='gallery-2' class='gallery galleryid-56 gallery-columns-4 gallery-size-thumbnail'><figure class='gallery-item'>\n\t\t\t<div class='gallery-icon landscape'>\n\t\t\t\t<a title=\"hidrante01\" href='http:\/\/nypd.com.br\/site\/wp-content\/uploads\/2022\/12\/hidrante01.jpg'><img width=\"150\" height=\"150\" src=\"http:\/\/nypd.com.br\/site\/wp-content\/uploads\/2022\/12\/hidrante01-150x150.jpg\" class=\"attachment-thumbnail size-thumbnail\" alt=\"\" decoding=\"async\" loading=\"lazy\" srcset=\"http:\/\/nypd.com.br\/site\/wp-content\/uploads\/2022\/12\/hidrante01-150x150.jpg 150w, http:\/\/nypd.com.br\/site\/wp-content\/uploads\/2022\/12\/hidrante01-100x100.jpg 100w\" sizes=\"100vw\" \/><\/a>\n\t\t\t<\/div><\/figure><figure class='gallery-item'>\n\t\t\t<div class='gallery-icon landscape'>\n\t\t\t\t<a title=\"hidrante02\" href='http:\/\/nypd.com.br\/site\/wp-content\/uploads\/2022\/12\/hidrante02.jpg'><img width=\"150\" height=\"150\" src=\"http:\/\/nypd.com.br\/site\/wp-content\/uploads\/2022\/12\/hidrante02-150x150.jpg\" class=\"attachment-thumbnail size-thumbnail\" alt=\"\" decoding=\"async\" loading=\"lazy\" srcset=\"http:\/\/nypd.com.br\/site\/wp-content\/uploads\/2022\/12\/hidrante02-150x150.jpg 150w, http:\/\/nypd.com.br\/site\/wp-content\/uploads\/2022\/12\/hidrante02-100x100.jpg 100w\" sizes=\"100vw\" \/><\/a>\n\t\t\t<\/div><\/figure><figure class='gallery-item'>\n\t\t\t<div class='gallery-icon landscape'>\n\t\t\t\t<a title=\"hidrante03\" href='http:\/\/nypd.com.br\/site\/wp-content\/uploads\/2022\/12\/hidrante03.jpg'><img width=\"150\" height=\"150\" src=\"http:\/\/nypd.com.br\/site\/wp-content\/uploads\/2022\/12\/hidrante03-150x150.jpg\" class=\"attachment-thumbnail size-thumbnail\" alt=\"\" decoding=\"async\" loading=\"lazy\" srcset=\"http:\/\/nypd.com.br\/site\/wp-content\/uploads\/2022\/12\/hidrante03-150x150.jpg 150w, http:\/\/nypd.com.br\/site\/wp-content\/uploads\/2022\/12\/hidrante03-100x100.jpg 100w\" sizes=\"100vw\" \/><\/a>\n\t\t\t<\/div><\/figure>\n\t\t<\/div>\n\n<h1><strong>Luminoso\u00a0Broadway<\/strong><\/h1>\n<p style=\"text-align: justify;\">Assim como visto na Broadway, este lindo luminoso medindo 1,60&#215;1,70m, com cores e luminosidade na medida certa, o tornam num item obrigat\u00f3rio, totalmente <strong>Instagram\u00e1vel<\/strong>, e de destaque para seu evento. Todos v\u00e3o querer fazer fotos nele !<\/p>\n<div id='gallery-3' class='gallery galleryid-56 gallery-columns-4 gallery-size-thumbnail'><figure class='gallery-item'>\n\t\t\t<div class='gallery-icon portrait'>\n\t\t\t\t<a title=\"broadway02\" href='http:\/\/nypd.com.br\/site\/wp-content\/uploads\/2022\/12\/broadway02-e1670261411649.jpg'><img width=\"150\" height=\"150\" src=\"http:\/\/nypd.com.br\/site\/wp-content\/uploads\/2022\/12\/broadway02-e1670261411649-150x150.jpg\" class=\"attachment-thumbnail size-thumbnail\" alt=\"\" decoding=\"async\" loading=\"lazy\" srcset=\"http:\/\/nypd.com.br\/site\/wp-content\/uploads\/2022\/12\/broadway02-e1670261411649-150x150.jpg 150w, http:\/\/nypd.com.br\/site\/wp-content\/uploads\/2022\/12\/broadway02-e1670261411649-100x100.jpg 100w\" sizes=\"100vw\" \/><\/a>\n\t\t\t<\/div><\/figure><figure class='gallery-item'>\n\t\t\t<div class='gallery-icon portrait'>\n\t\t\t\t<a title=\"broadway01\" href='http:\/\/nypd.com.br\/site\/wp-content\/uploads\/2022\/12\/broadway01-e1670261384615.jpg'><img width=\"150\" height=\"150\" src=\"http:\/\/nypd.com.br\/site\/wp-content\/uploads\/2022\/12\/broadway01-e1670261384615-150x150.jpg\" class=\"attachment-thumbnail size-thumbnail\" alt=\"\" decoding=\"async\" loading=\"lazy\" srcset=\"http:\/\/nypd.com.br\/site\/wp-content\/uploads\/2022\/12\/broadway01-e1670261384615-150x150.jpg 150w, http:\/\/nypd.com.br\/site\/wp-content\/uploads\/2022\/12\/broadway01-e1670261384615-100x100.jpg 100w\" sizes=\"100vw\" \/><\/a>\n\t\t\t<\/div><\/figure><figure class='gallery-item'>\n\t\t\t<div class='gallery-icon landscape'>\n\t\t\t\t<a title=\"broadway03\" href='http:\/\/nypd.com.br\/site\/wp-content\/uploads\/2016\/12\/IMG_1080_edited-e1670337637589.jpg'><img width=\"150\" height=\"150\" src=\"http:\/\/nypd.com.br\/site\/wp-content\/uploads\/2016\/12\/IMG_1080_edited-e1670337637589-150x150.jpg\" class=\"attachment-thumbnail size-thumbnail\" alt=\"\" decoding=\"async\" loading=\"lazy\" srcset=\"http:\/\/nypd.com.br\/site\/wp-content\/uploads\/2016\/12\/IMG_1080_edited-e1670337637589-150x150.jpg 150w, http:\/\/nypd.com.br\/site\/wp-content\/uploads\/2016\/12\/IMG_1080_edited-e1670337637589-300x300.jpg 300w, http:\/\/nypd.com.br\/site\/wp-content\/uploads\/2016\/12\/IMG_1080_edited-e1670337637589-768x768.jpg 768w, http:\/\/nypd.com.br\/site\/wp-content\/uploads\/2016\/12\/IMG_1080_edited-e1670337637589-100x100.jpg 100w, http:\/\/nypd.com.br\/site\/wp-content\/uploads\/2016\/12\/IMG_1080_edited-e1670337637589.jpg 877w\" sizes=\"100vw\" \/><\/a>\n\t\t\t<\/div><\/figure>\n\t\t<\/div>\n\n<p>&nbsp;<\/p>\n<p>&nbsp;<\/p>\n","protected":false},"excerpt":{"rendered":"<p>Atuando no segmento de Cenografia Tem\u00e1tica de New York desde 2022, buscamos a cada dia ampliar nosso conte\u00fado para poder levar at\u00e9 voc\u00ea a melhor experi\u00eancia de estar em New York. Sinta-se em plena 5\u00aa avenida com nossos ve\u00edculos e cenografia tem\u00e1tica ! Est\u00e1tua da Liberdade Com 2,20m de altura, esta bela est\u00e1tua da liberdade, &hellip; <\/p>\n<p class=\"link-more\"><a href=\"http:\/\/nypd.com.br\/site\/cenografia\/\" class=\"more-link\">Continue lendo<span class=\"screen-reader-text\"> &#8220;Cenografia&#8221;<\/span><\/a><\/p>\n","protected":false},"author":1,"featured_media":0,"parent":0,"menu_order":0,"comment_status":"closed","ping_status":"closed","template":"","meta":[],"_links":{"self":[{"href":"http:\/\/nypd.com.br\/site\/wp-json\/wp\/v2\/pages\/56"}],"collection":[{"href":"http:\/\/nypd.com.br\/site\/wp-json\/wp\/v2\/pages"}],"about":[{"href":"http:\/\/nypd.com.br\/site\/wp-json\/wp\/v2\/types\/page"}],"author":[{"embeddable":true,"href":"http:\/\/nypd.com.br\/site\/wp-json\/wp\/v2\/users\/1"}],"replies":[{"embeddable":true,"href":"http:\/\/nypd.com.br\/site\/wp-json\/wp\/v2\/comments?post=56"}],"version-history":[{"count":18,"href":"http:\/\/nypd.com.br\/site\/wp-json\/wp\/v2\/pages\/56\/revisions"}],"predecessor-version":[{"id":975,"href":"http:\/\/nypd.com.br\/site\/wp-json\/wp\/v2\/pages\/56\/revisions\/975"}],"wp:attachment":[{"href":"http:\/\/nypd.com.br\/site\/wp-json\/wp\/v2\/media?parent=56"}],"curies":[{"name":"wp","href":"https:\/\/api.w.org\/{rel}","templated":true}]}}